{"id":2764,"date":"2023-04-10T07:33:41","date_gmt":"2023-04-10T10:33:41","guid":{"rendered":"https:\/\/dmebrasil.com.br\/?page_id=2764"},"modified":"2023-12-11T12:12:10","modified_gmt":"2023-12-11T15:12:10","slug":"politica-de-privacidade","status":"publish","type":"page","link":"https:\/\/dmebrasil.com.br\/en\/politica-de-privacidade\/","title":{"rendered":"Politica de privacidade"},"content":{"rendered":"<div data-elementor-type=\"wp-page\" data-elementor-id=\"2764\" class=\"elementor elementor-2764\" data-elementor-post-type=\"page\">\n\t\t\t\t\t\t\t<div class=\"elementor-element elementor-element-e52a317 e-flex e-con-boxed e-con e-parent\" data-id=\"e52a317\" data-element_type=\"container\" data-settings=\"{&quot;container_type&quot;:&quot;flex&quot;,&quot;content_width&quot;:&quot;boxed&quot;}\" data-core-v316-plus=\"true\">\n\t\t\t\t\t<div class=\"e-con-inner\">\n\t\t\t\t<div class=\"elementor-element elementor-element-14d84b3 elementor-widget elementor-widget-shortcode\" data-id=\"14d84b3\" data-element_type=\"widget\" data-widget_type=\"shortcode.default\">\n\t\t\t\t<div class=\"elementor-widget-container\">\n\t\t\t\t\t<div class=\"elementor-shortcode\">\t\t<div data-elementor-type=\"page\" data-elementor-id=\"2774\" class=\"elementor elementor-2774\" data-elementor-post-type=\"elementor_library\">\n\t\t\t\t\t\t\t<div class=\"elementor-element elementor-element-e5bc65e e-flex e-con-boxed e-con e-parent\" data-id=\"e5bc65e\" data-element_type=\"container\" data-settings=\"{&quot;container_type&quot;:&quot;flex&quot;,&quot;content_width&quot;:&quot;boxed&quot;}\" data-core-v316-plus=\"true\">\n\t\t\t\t\t<div class=\"e-con-inner\">\n\t\t<div class=\"elementor-element elementor-element-5be6bbc e-con-full e-flex e-con e-child\" data-id=\"5be6bbc\" data-element_type=\"container\" data-settings=\"{&quot;content_width&quot;:&quot;full&quot;,&quot;container_type&quot;:&quot;flex&quot;}\">\n\t\t\t\t<div class=\"elementor-element elementor-element-ab72f82 elementor-widget elementor-widget-html\" data-id=\"ab72f82\" data-element_type=\"widget\" data-widget_type=\"html.default\">\n\t\t\t\t<div class=\"elementor-widget-container\">\n\t\t\t<h2><span style=\"color: rgb(68, 68, 68);\">Privacy Policy<\/span><\/h2><p><span style=\"color: rgb(68, 68, 68);\">Your privacy is important to us. It is the policy of DME Brasil Engenharia to respect your privacy regarding any information we may collect on the <a href=\"https:\/\/dmebrasil.com.br\/en\/\">DME Brasil Engenharia<\/a>, website and other sites we own and operate.<\/span><\/p><p><span style=\"color: rgb(68, 68, 68);\">We request personal information only when we truly need it to provide you with a service. We do so by fair and lawful means, with your knowledge and consent. We also inform you why we are collecting it and how it will be used.<\/span><\/p><p><span style=\"color: rgb(68, 68, 68);\">We only retain the information collected for as long as necessary to provide the requested service. When we store data, we protect it within commercially acceptable means to prevent loss and theft, as well as unauthorized access, disclosure, copying, use, or modification.<\/span><\/p><p><span style=\"color: rgb(68, 68, 68);\">We do not publicly share personally identifiable information or with third parties, except as required by law.<\/span><\/p><p><span style=\"color: rgb(68, 68, 68);\">Our website may have links to external sites that are not operated by us. Be aware that we have no control over the content and practices of these sites and cannot accept responsibility for their respective privacy policies.&nbsp;<\/span><a href=\"https:\/\/politicaprivacidade.com\/\" rel=\"noopener noreferrer\" target=\"_blank\" style=\"background-color: transparent; color: rgb(68, 68, 68);\">pol\u00edticas de privacidade<\/a><span style=\"color: rgb(68, 68, 68);\">.<\/span><\/p><p><span style=\"color: rgb(68, 68, 68);\">You are free to refuse our request for personal information, understanding that we may not be able to provide some of the desired services.<\/span><\/p><p><span style=\"color: rgb(68, 68, 68);\">The continued use of our site will be considered as acceptance of our privacy and personal information practices. If you have any questions about how we handle user data and personal information, please contact us.<\/span><\/p><p><span style=\"color: rgb(68, 68, 68);\"><ul><li><span style=\"color: rgb(68, 68, 68);\">The Google AdSense service we use to serve advertisements uses a DoubleClick cookie to deliver more relevant ads across the web and limit the number of times a particular ad is shown to you.<\/span><\/li><li><span style=\"color: rgb(68, 68, 68);\">For more information about Google AdSense, please refer to the official Google AdSense Privacy FAQs.<\/span><\/li><li><span style=\"color: rgb(68, 68, 68);\">We use ads to offset the operating costs of this site and provide funding for future developments. Behavioral advertising cookies used by this site are designed to ensure that you receive the most relevant ads whenever possible by anonymously tracking your interests and presenting similar things that may be of interest to you.<\/span><\/li><li><span style=\"color: rgb(68, 68, 68);\">Various partners advertise on our behalf, and affiliate tracking cookies simply allow us to see if our customers accessed the site through one of our partner's sites so we can credit them appropriately and, when applicable, allow our affiliate partners to provide any promotion that may entitle you to make a purchase.<\/span><\/li><\/ul><p><br><\/p><\/span><\/p><h3><span style=\"color: rgb(68, 68, 68);\">User Commitment<\/span><\/h3><p><span style=\"color: rgb(68, 68, 68);\">he user commits to making appropriate use of the content and information that DME Brasil Engenharia offers on the site, including but not limited to:<\/span><\/p><ul><li><span style=\"color: rgb(68, 68, 68);\">A) Not engaging in activities that are illegal or contrary to good faith and public order;<\/span><\/li><li><span style=\"color: rgb(68, 68, 68);\">B) Not disseminating propaganda or content of a racist, xenophobic <\/span><span style=\"color: rgb(33, 37, 41);\"><a href='https:\/\/apostasonline.guru\/bet365-apostas\/' style='color:inherit !important; text-decoration: none !important; font-size: inherit !important;'> , gambling-related<\/a><\/span><span style=\"color: rgb(68, 68, 68);\"> , or illegal pornographic nature, or content that promotes terrorism or violates human rights;<\/span><\/li><li><span style=\"color: rgb(68, 68, 68);\">C) Not causing harm to the physical (hardware) and logical (software) systems of DME Brasil Engenharia, its suppliers, or third parties, or introducing or spreading computer viruses or any other hardware or software systems capable of causing the aforementioned damages.<\/span><\/li><\/ul><h3><span style=\"color: rgb(68, 68, 68);\">Additional Information<\/span><\/h3><p><span style=\"color: rgb(68, 68, 68);\">We hope this is clear, and as mentioned earlier, if there is something you are unsure whether you need or not, it is usually safer to leave cookies enabled if you interact with one of the features you use on our site.<\/span><\/p><p><span style=\"color: rgb(68, 68, 68);\">This policy is effective as of April 10, 2023, 10:39 AM.<\/span><\/p>\t\t<\/div>\n\t\t\t\t<\/div>\n\t\t\t\t<\/div>\n\t\t\t\t\t<\/div>\n\t\t\t\t<\/div>\n\t\t\t\t\t\t\t<\/div>\n\t\t<\/div>\n\t\t\t\t<\/div>\n\t\t\t\t<\/div>\n\t\t\t\t\t<\/div>\n\t\t\t\t<\/div>\n\t\t\t\t\t\t\t<\/div>","protected":false},"excerpt":{"rendered":"","protected":false},"author":1,"featured_media":0,"parent":0,"menu_order":0,"comment_status":"closed","ping_status":"closed","template":"elementor_header_footer","meta":{"footnotes":""},"acf":[],"yoast_head":"<!-- This site is optimized with the Yoast SEO plugin v21.6 - https:\/\/yoast.com\/wordpress\/plugins\/seo\/ -->\n<title>Politica de privacidade - DME Engenharia<\/title>\n<meta name=\"robots\" content=\"index, follow, max-snippet:-1, max-image-preview:large, max-video-preview:-1\" \/>\n<link rel=\"canonical\" href=\"https:\/\/dmebrasil.com.br\/en\/politica-de-privacidade\/\" \/>\n<meta property=\"og:locale\" content=\"en_US\" \/>\n<meta property=\"og:type\" content=\"article\" \/>\n<meta property=\"og:title\" content=\"Politica de privacidade - DME Engenharia\" \/>\n<meta property=\"og:url\" content=\"https:\/\/dmebrasil.com.br\/en\/politica-de-privacidade\/\" \/>\n<meta property=\"og:site_name\" content=\"DME Engenharia\" \/>\n<meta property=\"article:modified_time\" content=\"2023-12-11T15:12:10+00:00\" \/>\n<meta name=\"twitter:card\" content=\"summary_large_image\" \/>\n<meta name=\"twitter:label1\" content=\"Est. reading time\" \/>\n\t<meta name=\"twitter:data1\" content=\"1 minute\" \/>\n<script type=\"application\/ld+json\" class=\"yoast-schema-graph\">{\"@context\":\"https:\/\/schema.org\",\"@graph\":[{\"@type\":\"WebPage\",\"@id\":\"https:\/\/dmebrasil.com.br\/en\/politica-de-privacidade\/\",\"url\":\"https:\/\/dmebrasil.com.br\/en\/politica-de-privacidade\/\",\"name\":\"Politica de privacidade - DME Engenharia\",\"isPartOf\":{\"@id\":\"https:\/\/dmebrasil.com.br\/#website\"},\"datePublished\":\"2023-04-10T10:33:41+00:00\",\"dateModified\":\"2023-12-11T15:12:10+00:00\",\"breadcrumb\":{\"@id\":\"https:\/\/dmebrasil.com.br\/en\/politica-de-privacidade\/#breadcrumb\"},\"inLanguage\":\"en-US\",\"potentialAction\":[{\"@type\":\"ReadAction\",\"target\":[\"https:\/\/dmebrasil.com.br\/en\/politica-de-privacidade\/\"]}]},{\"@type\":\"BreadcrumbList\",\"@id\":\"https:\/\/dmebrasil.com.br\/en\/politica-de-privacidade\/#breadcrumb\",\"itemListElement\":[{\"@type\":\"ListItem\",\"position\":1,\"name\":\"In\u00edcio\",\"item\":\"https:\/\/dmebrasil.com.br\/\"},{\"@type\":\"ListItem\",\"position\":2,\"name\":\"Politica de privacidade\"}]},{\"@type\":\"WebSite\",\"@id\":\"https:\/\/dmebrasil.com.br\/#website\",\"url\":\"https:\/\/dmebrasil.com.br\/\",\"name\":\"DME Engenharia\",\"description\":\"A DME Engenharia \u00e9 uma organiza\u00e7\u00e3o especializada em demoli\u00e7\u00e3o e montagem refrat\u00e1ria, consultoria, engenharia e gerenciamento de projetos.\",\"publisher\":{\"@id\":\"https:\/\/dmebrasil.com.br\/#organization\"},\"potentialAction\":[{\"@type\":\"SearchAction\",\"target\":{\"@type\":\"EntryPoint\",\"urlTemplate\":\"https:\/\/dmebrasil.com.br\/?s={search_term_string}\"},\"query-input\":\"required name=search_term_string\"}],\"inLanguage\":\"en-US\"},{\"@type\":\"Organization\",\"@id\":\"https:\/\/dmebrasil.com.br\/#organization\",\"name\":\"DME Engenharia\",\"url\":\"https:\/\/dmebrasil.com.br\/\",\"logo\":{\"@type\":\"ImageObject\",\"inLanguage\":\"en-US\",\"@id\":\"https:\/\/dmebrasil.com.br\/#\/schema\/logo\/image\/\",\"url\":\"https:\/\/dmebrasil.com.br\/wp-content\/uploads\/2023\/07\/cropped-logo-dme_login-1.png\",\"contentUrl\":\"https:\/\/dmebrasil.com.br\/wp-content\/uploads\/2023\/07\/cropped-logo-dme_login-1.png\",\"width\":400,\"height\":400,\"caption\":\"DME Engenharia\"},\"image\":{\"@id\":\"https:\/\/dmebrasil.com.br\/#\/schema\/logo\/image\/\"}}]}<\/script>\n<!-- \/ Yoast SEO plugin. -->","yoast_head_json":{"title":"Politica de privacidade - DME Engenharia","robots":{"index":"index","follow":"follow","max-snippet":"max-snippet:-1","max-image-preview":"max-image-preview:large","max-video-preview":"max-video-preview:-1"},"canonical":"https:\/\/dmebrasil.com.br\/en\/politica-de-privacidade\/","og_locale":"en_US","og_type":"article","og_title":"Politica de privacidade - DME Engenharia","og_url":"https:\/\/dmebrasil.com.br\/en\/politica-de-privacidade\/","og_site_name":"DME Engenharia","article_modified_time":"2023-12-11T15:12:10+00:00","twitter_card":"summary_large_image","twitter_misc":{"Est. reading time":"1 minute"},"schema":{"@context":"https:\/\/schema.org","@graph":[{"@type":"WebPage","@id":"https:\/\/dmebrasil.com.br\/en\/politica-de-privacidade\/","url":"https:\/\/dmebrasil.com.br\/en\/politica-de-privacidade\/","name":"Politica de privacidade - DME Engenharia","isPartOf":{"@id":"https:\/\/dmebrasil.com.br\/#website"},"datePublished":"2023-04-10T10:33:41+00:00","dateModified":"2023-12-11T15:12:10+00:00","breadcrumb":{"@id":"https:\/\/dmebrasil.com.br\/en\/politica-de-privacidade\/#breadcrumb"},"inLanguage":"en-US","potentialAction":[{"@type":"ReadAction","target":["https:\/\/dmebrasil.com.br\/en\/politica-de-privacidade\/"]}]},{"@type":"BreadcrumbList","@id":"https:\/\/dmebrasil.com.br\/en\/politica-de-privacidade\/#breadcrumb","itemListElement":[{"@type":"ListItem","position":1,"name":"In\u00edcio","item":"https:\/\/dmebrasil.com.br\/"},{"@type":"ListItem","position":2,"name":"Politica de privacidade"}]},{"@type":"WebSite","@id":"https:\/\/dmebrasil.com.br\/#website","url":"https:\/\/dmebrasil.com.br\/","name":"DME Engenharia","description":"A DME Engenharia \u00e9 uma organiza\u00e7\u00e3o especializada em demoli\u00e7\u00e3o e montagem refrat\u00e1ria, consultoria, engenharia e gerenciamento de projetos.","publisher":{"@id":"https:\/\/dmebrasil.com.br\/#organization"},"potentialAction":[{"@type":"SearchAction","target":{"@type":"EntryPoint","urlTemplate":"https:\/\/dmebrasil.com.br\/?s={search_term_string}"},"query-input":"required name=search_term_string"}],"inLanguage":"en-US"},{"@type":"Organization","@id":"https:\/\/dmebrasil.com.br\/#organization","name":"DME Engenharia","url":"https:\/\/dmebrasil.com.br\/","logo":{"@type":"ImageObject","inLanguage":"en-US","@id":"https:\/\/dmebrasil.com.br\/#\/schema\/logo\/image\/","url":"https:\/\/dmebrasil.com.br\/wp-content\/uploads\/2023\/07\/cropped-logo-dme_login-1.png","contentUrl":"https:\/\/dmebrasil.com.br\/wp-content\/uploads\/2023\/07\/cropped-logo-dme_login-1.png","width":400,"height":400,"caption":"DME Engenharia"},"image":{"@id":"https:\/\/dmebrasil.com.br\/#\/schema\/logo\/image\/"}}]}},"_links":{"self":[{"href":"https:\/\/dmebrasil.com.br\/en\/wp-json\/wp\/v2\/pages\/2764"}],"collection":[{"href":"https:\/\/dmebrasil.com.br\/en\/wp-json\/wp\/v2\/pages"}],"about":[{"href":"https:\/\/dmebrasil.com.br\/en\/wp-json\/wp\/v2\/types\/page"}],"author":[{"embeddable":true,"href":"https:\/\/dmebrasil.com.br\/en\/wp-json\/wp\/v2\/users\/1"}],"replies":[{"embeddable":true,"href":"https:\/\/dmebrasil.com.br\/en\/wp-json\/wp\/v2\/comments?post=2764"}],"version-history":[{"count":1,"href":"https:\/\/dmebrasil.com.br\/en\/wp-json\/wp\/v2\/pages\/2764\/revisions"}],"predecessor-version":[{"id":5938,"href":"https:\/\/dmebrasil.com.br\/en\/wp-json\/wp\/v2\/pages\/2764\/revisions\/5938"}],"wp:attachment":[{"href":"https:\/\/dmebrasil.com.br\/en\/wp-json\/wp\/v2\/media?parent=2764"}],"curies":[{"name":"wp","href":"https:\/\/api.w.org\/{rel}","templated":true}]}}