{"id":3880,"date":"2023-04-30T19:51:35","date_gmt":"2023-04-30T22:51:35","guid":{"rendered":"https:\/\/dmebrasil.com.br\/?page_id=3880"},"modified":"2023-11-22T22:41:46","modified_gmt":"2023-11-23T01:41:46","slug":"contato","status":"publish","type":"page","link":"https:\/\/dmebrasil.com.br\/en\/contato\/","title":{"rendered":"Contact"},"content":{"rendered":"<div data-elementor-type=\"wp-page\" data-elementor-id=\"3880\" class=\"elementor elementor-3880\" data-elementor-post-type=\"page\">\n\t\t\t\t\t\t\t<div class=\"elementor-element elementor-element-4e3e54c6 e-flex e-con-boxed e-con e-parent\" data-id=\"4e3e54c6\" data-element_type=\"container\" data-settings=\"{&quot;background_background&quot;:&quot;classic&quot;,&quot;container_type&quot;:&quot;flex&quot;,&quot;content_width&quot;:&quot;boxed&quot;}\" data-e-bg-lazyload=\"\" data-core-v316-plus=\"true\">\n\t\t\t\t\t<div class=\"e-con-inner\">\n\t\t<div class=\"elementor-element elementor-element-47acea4 e-flex e-con-boxed e-con e-child\" data-id=\"47acea4\" data-element_type=\"container\" data-settings=\"{&quot;container_type&quot;:&quot;flex&quot;,&quot;content_width&quot;:&quot;boxed&quot;}\">\n\t\t\t\t\t<div class=\"e-con-inner\">\n\t\t\t\t<div class=\"elementor-element elementor-element-5ca243f4 elementor-widget elementor-widget-breadcrumbs\" data-id=\"5ca243f4\" data-element_type=\"widget\" data-widget_type=\"breadcrumbs.default\">\n\t\t\t\t<div class=\"elementor-widget-container\">\n\t\t\t<link rel=\"stylesheet\" href=\"https:\/\/dmebrasil.com.br\/wp-content\/plugins\/elementor-pro\/assets\/css\/widget-theme-elements.min.css\"><p id=\"breadcrumbs\"><span><span><a href=\"https:\/\/dmebrasil.com.br\/en\/\">Home<\/a><\/span><\/span><\/p>\t\t<\/div>\n\t\t\t\t<\/div>\n\t\t\t\t\t<\/div>\n\t\t\t\t<\/div>\n\t\t\t\t\t<\/div>\n\t\t\t\t<\/div>\n\t\t<div class=\"elementor-element elementor-element-b2a4c2e e-con-full e-flex e-con e-parent\" data-id=\"b2a4c2e\" data-element_type=\"container\" data-settings=\"{&quot;content_width&quot;:&quot;full&quot;,&quot;background_background&quot;:&quot;classic&quot;,&quot;container_type&quot;:&quot;flex&quot;}\" data-core-v316-plus=\"true\">\n\t\t<div class=\"elementor-element elementor-element-639c63b e-flex e-con-boxed e-con e-child\" data-id=\"639c63b\" data-element_type=\"container\" data-settings=\"{&quot;container_type&quot;:&quot;flex&quot;,&quot;content_width&quot;:&quot;boxed&quot;}\">\n\t\t\t\t\t<div class=\"e-con-inner\">\n\t\t<div class=\"elementor-element elementor-element-7c6dbe3 e-flex e-con-boxed e-con e-child\" data-id=\"7c6dbe3\" data-element_type=\"container\" data-settings=\"{&quot;container_type&quot;:&quot;flex&quot;,&quot;content_width&quot;:&quot;boxed&quot;}\">\n\t\t\t\t\t<div class=\"e-con-inner\">\n\t\t\t\t<div class=\"elementor-element elementor-element-3f389d7 elementor-widget elementor-widget-heading\" data-id=\"3f389d7\" data-element_type=\"widget\" data-widget_type=\"heading.default\">\n\t\t\t\t<div class=\"elementor-widget-container\">\n\t\t\t<style>\/*! elementor - v3.18.0 - 29-11-2023 *\/\n.elementor-heading-title{padding:0;margin:0;line-height:1}.elementor-widget-heading .elementor-heading-title[class*=elementor-size-]>a{color:inherit;font-size:inherit;line-height:inherit}.elementor-widget-heading .elementor-heading-title.elementor-size-small{font-size:15px}.elementor-widget-heading .elementor-heading-title.elementor-size-medium{font-size:19px}.elementor-widget-heading .elementor-heading-title.elementor-size-large{font-size:29px}.elementor-widget-heading .elementor-heading-title.elementor-size-xl{font-size:39px}.elementor-widget-heading .elementor-heading-title.elementor-size-xxl{font-size:59px}<\/style><h2 class=\"elementor-heading-title elementor-size-default\">Contact Us<\/h2>\t\t<\/div>\n\t\t\t\t<\/div>\n\t\t\t\t<div class=\"elementor-element elementor-element-41ea2b4 elementor-widget elementor-widget-text-editor\" data-id=\"41ea2b4\" data-element_type=\"widget\" data-widget_type=\"text-editor.default\">\n\t\t\t\t<div class=\"elementor-widget-container\">\n\t\t\t<style>\/*! elementor - v3.18.0 - 29-11-2023 *\/\n.elementor-widget-text-editor.elementor-drop-cap-view-stacked .elementor-drop-cap{background-color:#69727d;color:#fff}.elementor-widget-text-editor.elementor-drop-cap-view-framed .elementor-drop-cap{color:#69727d;border:3px solid;background-color:transparent}.elementor-widget-text-editor:not(.elementor-drop-cap-view-default) .elementor-drop-cap{margin-top:8px}.elementor-widget-text-editor:not(.elementor-drop-cap-view-default) .elementor-drop-cap-letter{width:1em;height:1em}.elementor-widget-text-editor .elementor-drop-cap{float:left;text-align:center;line-height:1;font-size:50px}.elementor-widget-text-editor .elementor-drop-cap-letter{display:inline-block}<\/style>\t\t\t\t<p>Get in touch with us and discover how our team of experts can help your company achieve great results.<\/p>\t\t\t\t\t\t<\/div>\n\t\t\t\t<\/div>\n\t\t\t\t<div class=\"elementor-element elementor-element-5f26011 elementor-widget elementor-widget-icon-box\" data-id=\"5f26011\" data-element_type=\"widget\" data-widget_type=\"icon-box.default\">\n\t\t\t\t<div class=\"elementor-widget-container\">\n\t\t\t<link rel=\"stylesheet\" href=\"https:\/\/dmebrasil.com.br\/wp-content\/uploads\/elementor\/css\/custom-widget-icon-box.min.css?ver=1702088448\">\t\t<div class=\"elementor-icon-box-wrapper\">\n\t\t\t\t\t\t<div class=\"elementor-icon-box-content\">\n\t\t\t\t<h3 class=\"elementor-icon-box-title\">\n\t\t\t\t\t<span  >\n\t\t\t\t\t\tAddress\t\t\t\t\t<\/span>\n\t\t\t\t<\/h3>\n\t\t\t\t\t\t\t\t\t<p class=\"elementor-icon-box-description\">\n\t\t\t\t\t\tRua Carlos Alves dos Santos, 1200 - Galp\u00e3o <br>Distrito Industrial, Matozinhos - MG - 35720-000\t\t\t\t\t<\/p>\n\t\t\t\t\t\t\t<\/div>\n\t\t<\/div>\n\t\t\t\t<\/div>\n\t\t\t\t<\/div>\n\t\t\t\t<div class=\"elementor-element elementor-element-ae2241c elementor-widget elementor-widget-icon-box\" data-id=\"ae2241c\" data-element_type=\"widget\" data-widget_type=\"icon-box.default\">\n\t\t\t\t<div class=\"elementor-widget-container\">\n\t\t\t\t\t<div class=\"elementor-icon-box-wrapper\">\n\t\t\t\t\t\t<div class=\"elementor-icon-box-content\">\n\t\t\t\t<h3 class=\"elementor-icon-box-title\">\n\t\t\t\t\t<span  >\n\t\t\t\t\t\tPhone\t\t\t\t\t<\/span>\n\t\t\t\t<\/h3>\n\t\t\t\t\t\t\t\t\t<p class=\"elementor-icon-box-description\">\n\t\t\t\t\t\t+55 (31) 3712-5329\t\t\t\t\t<\/p>\n\t\t\t\t\t\t\t<\/div>\n\t\t<\/div>\n\t\t\t\t<\/div>\n\t\t\t\t<\/div>\n\t\t\t\t<div class=\"elementor-element elementor-element-b705238 elementor-widget elementor-widget-icon-box\" data-id=\"b705238\" data-element_type=\"widget\" data-widget_type=\"icon-box.default\">\n\t\t\t\t<div class=\"elementor-widget-container\">\n\t\t\t\t\t<div class=\"elementor-icon-box-wrapper\">\n\t\t\t\t\t\t<div class=\"elementor-icon-box-content\">\n\t\t\t\t<h3 class=\"elementor-icon-box-title\">\n\t\t\t\t\t<span  >\n\t\t\t\t\t\tEmail\t\t\t\t\t<\/span>\n\t\t\t\t<\/h3>\n\t\t\t\t\t\t\t\t\t<p class=\"elementor-icon-box-description\">\n\t\t\t\t\t\tcontato@dmebrasil.com.br\t\t\t\t\t<\/p>\n\t\t\t\t\t\t\t<\/div>\n\t\t<\/div>\n\t\t\t\t<\/div>\n\t\t\t\t<\/div>\n\t\t\t\t\t<\/div>\n\t\t\t\t<\/div>\n\t\t<div class=\"elementor-element elementor-element-af8c8a9 e-flex e-con-boxed e-con e-child\" data-id=\"af8c8a9\" data-element_type=\"container\" data-settings=\"{&quot;container_type&quot;:&quot;flex&quot;,&quot;content_width&quot;:&quot;boxed&quot;}\">\n\t\t\t\t\t<div class=\"e-con-inner\">\n\t\t\t\t<div class=\"elementor-element elementor-element-5ec1120 elementor-widget elementor-widget-heading\" data-id=\"5ec1120\" data-element_type=\"widget\" data-widget_type=\"heading.default\">\n\t\t\t\t<div class=\"elementor-widget-container\">\n\t\t\t<h2 class=\"elementor-heading-title elementor-size-default\">Send us a Message<\/h2>\t\t<\/div>\n\t\t\t\t<\/div>\n\t\t\t\t<div class=\"elementor-element elementor-element-1c5dbe5 elementor-align-left elementor-widget elementor-widget-button\" data-id=\"1c5dbe5\" data-element_type=\"widget\" data-widget_type=\"button.default\">\n\t\t\t\t<div class=\"elementor-widget-container\">\n\t\t\t\t\t<div class=\"elementor-button-wrapper\">\n\t\t\t<a class=\"elementor-button elementor-button-link elementor-size-sm\" href=\"#elementor-action:action=popup:open&settings=eyJpZCI6IjM5NjQiLCJ0b2dnbGUiOmZhbHNlfQ==\">\n\t\t\t\t\t\t<span class=\"elementor-button-content-wrapper\">\n\t\t\t\t\t\t<span class=\"elementor-button-text\">Services<\/span>\n\t\t<\/span>\n\t\t\t\t\t<\/a>\n\t\t<\/div>\n\t\t\t\t<\/div>\n\t\t\t\t<\/div>\n\t\t\t\t<div class=\"elementor-element elementor-element-5faefeb elementor-align-left elementor-widget elementor-widget-button\" data-id=\"5faefeb\" data-element_type=\"widget\" data-widget_type=\"button.default\">\n\t\t\t\t<div class=\"elementor-widget-container\">\n\t\t\t\t\t<div class=\"elementor-button-wrapper\">\n\t\t\t<a class=\"elementor-button elementor-button-link elementor-size-sm\" href=\"#elementor-action:action=popup:open&settings=eyJpZCI6IjQwMTkiLCJ0b2dnbGUiOmZhbHNlfQ==\">\n\t\t\t\t\t\t<span class=\"elementor-button-content-wrapper\">\n\t\t\t\t\t\t<span class=\"elementor-button-text\">Work with us<\/span>\n\t\t<\/span>\n\t\t\t\t\t<\/a>\n\t\t<\/div>\n\t\t\t\t<\/div>\n\t\t\t\t<\/div>\n\t\t\t\t\t<\/div>\n\t\t\t\t<\/div>\n\t\t\t\t\t<\/div>\n\t\t\t\t<\/div>\n\t\t\t\t<div class=\"elementor-element elementor-element-75dbdbe elementor-widget elementor-widget-google_maps\" data-id=\"75dbdbe\" data-element_type=\"widget\" data-widget_type=\"google_maps.default\">\n\t\t\t\t<div class=\"elementor-widget-container\">\n\t\t\t<style>\/*! elementor - v3.18.0 - 29-11-2023 *\/\n.elementor-widget-google_maps .elementor-widget-container{overflow:hidden}.elementor-widget-google_maps .elementor-custom-embed{line-height:0}.elementor-widget-google_maps iframe{height:300px}<\/style>\t\t<div class=\"elementor-custom-embed\">\n\t\t\t<iframe loading=\"lazy\"\n\t\t\t\t\tsrc=\"https:\/\/maps.google.com\/maps?q=R.%20Carlos%20Alves%20dos%20Santos%2C%201200%20-%20Distrito%20Industrial%2C%20Matozinhos%20-%20MG%2C%2035720-000&#038;t=m&#038;z=15&#038;output=embed&#038;iwloc=near\"\n\t\t\t\t\ttitle=\"R. Carlos Alves dos Santos, 1200 - Distrito Industrial, Matozinhos - MG, 35720-000\"\n\t\t\t\t\taria-label=\"R. Carlos Alves dos Santos, 1200 - Distrito Industrial, Matozinhos - MG, 35720-000\"\n\t\t\t><\/iframe>\n\t\t<\/div>\n\t\t\t\t<\/div>\n\t\t\t\t<\/div>\n\t\t\t\t<\/div>\n\t\t\t\t\t\t\t<\/div>","protected":false},"excerpt":{"rendered":"<p>Fale Conosco Entre em contato conosco e descubra como nossa equipe de especialistas pode ajudar a sua empresa a alcan\u00e7ar grandes resultados. Endere\u00e7o Rua Carlos Alves dos Santos, 1200 &#8211; Galp\u00e3o Distrito Industrial, Matozinhos &#8211; MG &#8211; 35720-000 Telefone +55 (31) 3712-5329 E-mail contato@dmebrasil.com.br Envie sua Mensagem Servi\u00e7os Trabalhe conosco<\/p>","protected":false},"author":1,"featured_media":14,"parent":0,"menu_order":0,"comment_status":"closed","ping_status":"closed","template":"elementor_header_footer","meta":{"footnotes":""},"acf":[],"yoast_head":"<!-- This site is optimized with the Yoast SEO plugin v21.6 - https:\/\/yoast.com\/wordpress\/plugins\/seo\/ -->\n<title>Contato - DME Engenharia<\/title>\n<meta name=\"description\" content=\"Entre em contato com a equipe DME Engenharia para obter solu\u00e7\u00f5es personalizadas e eficientes para suas necessidades.\" \/>\n<meta name=\"robots\" content=\"index, follow, max-snippet:-1, max-image-preview:large, max-video-preview:-1\" \/>\n<link rel=\"canonical\" href=\"https:\/\/dmebrasil.com.br\/en\/contato\/\" \/>\n<meta property=\"og:locale\" content=\"en_US\" \/>\n<meta property=\"og:type\" content=\"article\" \/>\n<meta property=\"og:title\" content=\"Contato - DME Engenharia\" \/>\n<meta property=\"og:description\" content=\"Entre em contato com a equipe DME Engenharia para obter solu\u00e7\u00f5es personalizadas e eficientes para suas necessidades.\" \/>\n<meta property=\"og:url\" content=\"https:\/\/dmebrasil.com.br\/en\/contato\/\" \/>\n<meta property=\"og:site_name\" content=\"DME Engenharia\" \/>\n<meta property=\"article:modified_time\" content=\"2023-11-23T01:41:46+00:00\" \/>\n<meta name=\"twitter:card\" content=\"summary_large_image\" \/>\n<meta name=\"twitter:image\" content=\"https:\/\/dmebrasil.com.br\/wp-content\/uploads\/2023\/03\/DME-ENGENHARIA.svg\" \/>\n<meta name=\"twitter:label1\" content=\"Est. reading time\" \/>\n\t<meta name=\"twitter:data1\" content=\"1 minute\" \/>\n<script type=\"application\/ld+json\" class=\"yoast-schema-graph\">{\"@context\":\"https:\/\/schema.org\",\"@graph\":[{\"@type\":\"WebPage\",\"@id\":\"https:\/\/dmebrasil.com.br\/en\/contato\/\",\"url\":\"https:\/\/dmebrasil.com.br\/en\/contato\/\",\"name\":\"Contato - DME Engenharia\",\"isPartOf\":{\"@id\":\"https:\/\/dmebrasil.com.br\/#website\"},\"datePublished\":\"2023-04-30T22:51:35+00:00\",\"dateModified\":\"2023-11-23T01:41:46+00:00\",\"description\":\"Entre em contato com a equipe DME Engenharia para obter solu\u00e7\u00f5es personalizadas e eficientes para suas necessidades.\",\"breadcrumb\":{\"@id\":\"https:\/\/dmebrasil.com.br\/en\/contato\/#breadcrumb\"},\"inLanguage\":\"en-US\",\"potentialAction\":[{\"@type\":\"ReadAction\",\"target\":[\"https:\/\/dmebrasil.com.br\/en\/contato\/\"]}]},{\"@type\":\"BreadcrumbList\",\"@id\":\"https:\/\/dmebrasil.com.br\/en\/contato\/#breadcrumb\",\"itemListElement\":[{\"@type\":\"ListItem\",\"position\":1,\"name\":\"In\u00edcio\",\"item\":\"https:\/\/dmebrasil.com.br\/\"},{\"@type\":\"ListItem\",\"position\":2,\"name\":\"Contato\"}]},{\"@type\":\"WebSite\",\"@id\":\"https:\/\/dmebrasil.com.br\/#website\",\"url\":\"https:\/\/dmebrasil.com.br\/\",\"name\":\"DME Engenharia\",\"description\":\"A DME Engenharia \u00e9 uma organiza\u00e7\u00e3o especializada em demoli\u00e7\u00e3o e montagem refrat\u00e1ria, consultoria, engenharia e gerenciamento de projetos.\",\"publisher\":{\"@id\":\"https:\/\/dmebrasil.com.br\/#organization\"},\"potentialAction\":[{\"@type\":\"SearchAction\",\"target\":{\"@type\":\"EntryPoint\",\"urlTemplate\":\"https:\/\/dmebrasil.com.br\/?s={search_term_string}\"},\"query-input\":\"required name=search_term_string\"}],\"inLanguage\":\"en-US\"},{\"@type\":\"Organization\",\"@id\":\"https:\/\/dmebrasil.com.br\/#organization\",\"name\":\"DME Engenharia\",\"url\":\"https:\/\/dmebrasil.com.br\/\",\"logo\":{\"@type\":\"ImageObject\",\"inLanguage\":\"en-US\",\"@id\":\"https:\/\/dmebrasil.com.br\/#\/schema\/logo\/image\/\",\"url\":\"https:\/\/dmebrasil.com.br\/wp-content\/uploads\/2023\/07\/cropped-logo-dme_login-1.png\",\"contentUrl\":\"https:\/\/dmebrasil.com.br\/wp-content\/uploads\/2023\/07\/cropped-logo-dme_login-1.png\",\"width\":400,\"height\":400,\"caption\":\"DME Engenharia\"},\"image\":{\"@id\":\"https:\/\/dmebrasil.com.br\/#\/schema\/logo\/image\/\"}}]}<\/script>\n<!-- \/ Yoast SEO plugin. -->","yoast_head_json":{"title":"Contato - DME Engenharia","description":"Entre em contato com a equipe DME Engenharia para obter solu\u00e7\u00f5es personalizadas e eficientes para suas necessidades.","robots":{"index":"index","follow":"follow","max-snippet":"max-snippet:-1","max-image-preview":"max-image-preview:large","max-video-preview":"max-video-preview:-1"},"canonical":"https:\/\/dmebrasil.com.br\/en\/contato\/","og_locale":"en_US","og_type":"article","og_title":"Contato - DME Engenharia","og_description":"Entre em contato com a equipe DME Engenharia para obter solu\u00e7\u00f5es personalizadas e eficientes para suas necessidades.","og_url":"https:\/\/dmebrasil.com.br\/en\/contato\/","og_site_name":"DME Engenharia","article_modified_time":"2023-11-23T01:41:46+00:00","twitter_card":"summary_large_image","twitter_image":"https:\/\/dmebrasil.com.br\/wp-content\/uploads\/2023\/03\/DME-ENGENHARIA.svg","twitter_misc":{"Est. reading time":"1 minute"},"schema":{"@context":"https:\/\/schema.org","@graph":[{"@type":"WebPage","@id":"https:\/\/dmebrasil.com.br\/en\/contato\/","url":"https:\/\/dmebrasil.com.br\/en\/contato\/","name":"Contato - DME Engenharia","isPartOf":{"@id":"https:\/\/dmebrasil.com.br\/#website"},"datePublished":"2023-04-30T22:51:35+00:00","dateModified":"2023-11-23T01:41:46+00:00","description":"Entre em contato com a equipe DME Engenharia para obter solu\u00e7\u00f5es personalizadas e eficientes para suas necessidades.","breadcrumb":{"@id":"https:\/\/dmebrasil.com.br\/en\/contato\/#breadcrumb"},"inLanguage":"en-US","potentialAction":[{"@type":"ReadAction","target":["https:\/\/dmebrasil.com.br\/en\/contato\/"]}]},{"@type":"BreadcrumbList","@id":"https:\/\/dmebrasil.com.br\/en\/contato\/#breadcrumb","itemListElement":[{"@type":"ListItem","position":1,"name":"In\u00edcio","item":"https:\/\/dmebrasil.com.br\/"},{"@type":"ListItem","position":2,"name":"Contato"}]},{"@type":"WebSite","@id":"https:\/\/dmebrasil.com.br\/#website","url":"https:\/\/dmebrasil.com.br\/","name":"DME Engenharia","description":"A DME Engenharia \u00e9 uma organiza\u00e7\u00e3o especializada em demoli\u00e7\u00e3o e montagem refrat\u00e1ria, consultoria, engenharia e gerenciamento de projetos.","publisher":{"@id":"https:\/\/dmebrasil.com.br\/#organization"},"potentialAction":[{"@type":"SearchAction","target":{"@type":"EntryPoint","urlTemplate":"https:\/\/dmebrasil.com.br\/?s={search_term_string}"},"query-input":"required name=search_term_string"}],"inLanguage":"en-US"},{"@type":"Organization","@id":"https:\/\/dmebrasil.com.br\/#organization","name":"DME Engenharia","url":"https:\/\/dmebrasil.com.br\/","logo":{"@type":"ImageObject","inLanguage":"en-US","@id":"https:\/\/dmebrasil.com.br\/#\/schema\/logo\/image\/","url":"https:\/\/dmebrasil.com.br\/wp-content\/uploads\/2023\/07\/cropped-logo-dme_login-1.png","contentUrl":"https:\/\/dmebrasil.com.br\/wp-content\/uploads\/2023\/07\/cropped-logo-dme_login-1.png","width":400,"height":400,"caption":"DME Engenharia"},"image":{"@id":"https:\/\/dmebrasil.com.br\/#\/schema\/logo\/image\/"}}]}},"_links":{"self":[{"href":"https:\/\/dmebrasil.com.br\/en\/wp-json\/wp\/v2\/pages\/3880"}],"collection":[{"href":"https:\/\/dmebrasil.com.br\/en\/wp-json\/wp\/v2\/pages"}],"about":[{"href":"https:\/\/dmebrasil.com.br\/en\/wp-json\/wp\/v2\/types\/page"}],"author":[{"embeddable":true,"href":"https:\/\/dmebrasil.com.br\/en\/wp-json\/wp\/v2\/users\/1"}],"replies":[{"embeddable":true,"href":"https:\/\/dmebrasil.com.br\/en\/wp-json\/wp\/v2\/comments?post=3880"}],"version-history":[{"count":3,"href":"https:\/\/dmebrasil.com.br\/en\/wp-json\/wp\/v2\/pages\/3880\/revisions"}],"predecessor-version":[{"id":5700,"href":"https:\/\/dmebrasil.com.br\/en\/wp-json\/wp\/v2\/pages\/3880\/revisions\/5700"}],"wp:featuredmedia":[{"embeddable":true,"href":"https:\/\/dmebrasil.com.br\/en\/wp-json\/wp\/v2\/media\/14"}],"wp:attachment":[{"href":"https:\/\/dmebrasil.com.br\/en\/wp-json\/wp\/v2\/media?parent=3880"}],"curies":[{"name":"wp","href":"https:\/\/api.w.org\/{rel}","templated":true}]}}